{"id":17,"date":"2025-08-19T10:43:21","date_gmt":"2025-08-19T10:43:21","guid":{"rendered":"https:\/\/testgano1.xyz\/?page_id=17"},"modified":"2025-08-19T10:43:21","modified_gmt":"2025-08-19T10:43:21","slug":"etudes-cung-cap-cac-giai-phap-tu-van-quan-ly-thiet-ke-va-nghien-cuu-toan-dien-moi-no-luc-kien-truc-la-mot-co-hoi-de-dinh-hinh-tuong-lai","status":"publish","type":"page","link":"https:\/\/testgano1.xyz\/?page_id=17","title":{"rendered":"\u00c9tudes cung c\u1ea5p c\u00e1c gi\u1ea3i ph\u00e1p t\u01b0 v\u1ea5n, qu\u1ea3n l\u00fd, thi\u1ebft k\u1ebf v\u00e0 nghi\u00ean c\u1ee9u to\u00e0n di\u1ec7n. M\u1ed7i n\u1ed7 l\u1ef1c ki\u1ebfn tr\u00fac l\u00e0 m\u1ed9t c\u01a1 h\u1ed9i \u0111\u1ec3 \u0111\u1ecbnh h\u00ecnh t\u01b0\u01a1ng lai."},"content":{"rendered":"\n<div class=\"wp-block-group alignfull has-accent-background-color has-background has-global-padding is-layout-constrained wp-container-core-group-is-layout-669513ed wp-block-group-is-layout-constrained\" style=\"margin-top:0;margin-bottom:0;padding-top:var(--wp--preset--spacing--50);padding-right:var(--wp--preset--spacing--50);padding-bottom:var(--wp--preset--spacing--50);padding-left:var(--wp--preset--spacing--50)\">\n<div class=\"wp-block-columns alignwide is-layout-flex wp-container-core-columns-is-layout-1da03c2a wp-block-columns-is-layout-flex\">\n<div class=\"wp-block-column is-vertically-aligned-stretch is-layout-flow wp-block-column-is-layout-flow\" style=\"flex-basis:50%\">\n<div class=\"wp-block-group is-vertical is-content-justification-stretch is-layout-flex wp-container-core-group-is-layout-444d5ee8 wp-block-group-is-layout-flex\" style=\"min-height:100%\">\n<p class=\"has-heading-font-family has-x-large-font-size\" style=\"line-height:1.2\">\u00c9tudes cung c\u1ea5p c\u00e1c gi\u1ea3i ph\u00e1p t\u01b0 v\u1ea5n, qu\u1ea3n l\u00fd, thi\u1ebft k\u1ebf v\u00e0 nghi\u00ean c\u1ee9u to\u00e0n di\u1ec7n. M\u1ed7i n\u1ed7 l\u1ef1c ki\u1ebfn tr\u00fac l\u00e0 m\u1ed9t c\u01a1 h\u1ed9i \u0111\u1ec3 \u0111\u1ecbnh h\u00ecnh t\u01b0\u01a1ng lai.<\/p>\n\n\n\n<div class=\"wp-block-group has-global-padding is-content-justification-left is-layout-constrained wp-container-core-group-is-layout-9fe8ed88 wp-block-group-is-layout-constrained\">\n<p class=\"wp-container-content-0733e5d0\">\u0110\u1ec3 l\u1ea1i d\u1ea5u \u1ea5n kh\u00f4ng th\u1ec3 phai m\u1edd tr\u00ean b\u1ed1i c\u1ea3nh c\u1ee7a ng\u00e0y mai.<\/p>\n\n\n\n<div class=\"wp-block-buttons is-layout-flex wp-block-buttons-is-layout-flex\">\n<div class=\"wp-block-button\"><a class=\"wp-block-button__link wp-element-button\">V\u1ec1 ch\u00fang t\u00f4i<\/a><\/div>\n<\/div>\n<\/div>\n<\/div>\n<\/div>\n\n\n\n<div class=\"wp-block-column is-vertically-aligned-center is-layout-flow wp-block-column-is-layout-flow\" style=\"flex-basis:50%\">\n<figure class=\"wp-block-image size-large is-style-rounded is-style-rounded--1\"><img decoding=\"async\" src=\"https:\/\/testgano1.xyz\/wp-content\/themes\/twentytwentyfour\/assets\/images\/museum.webp\" alt=\"M\u1ed9t \u0111o\u1ea1n \u0111\u01b0\u1eddng n\u1ed1i d\u1ecdc theo b\u1ee9c t\u01b0\u1eddng cong trong B\u1ea3o t\u00e0ng Kiasma, Helsinki, Ph\u1ea7n Lan\" style=\"aspect-ratio:3\/4;object-fit:cover\"\/><\/figure>\n<\/div>\n<\/div>\n<\/div>\n\n\n\n<div class=\"wp-block-group alignfull has-base-background-color has-background has-global-padding is-layout-constrained wp-container-core-group-is-layout-d89aad35 wp-block-group-is-layout-constrained\" style=\"margin-top:0;margin-bottom:0;padding-top:var(--wp--preset--spacing--50);padding-right:var(--wp--preset--spacing--50);padding-bottom:var(--wp--preset--spacing--50);padding-left:var(--wp--preset--spacing--50)\">\n<div class=\"wp-block-columns alignwide is-layout-flex wp-container-core-columns-is-layout-549b0c86 wp-block-columns-is-layout-flex\">\n<div class=\"wp-block-column has-global-padding is-content-justification-left is-layout-constrained wp-container-core-column-is-layout-4f15e8fe wp-block-column-is-layout-constrained\" style=\"flex-basis:40%\">\n<p>Ph\u00f2ng tr\u01b0ng b\u00e0y ngh\u1ec7 thu\u1eadt \u0111\u01b0\u1ee3c h\u1ed3i sinh s\u1ebd t\u00e1i \u0111\u1ecbnh ngh\u0129a b\u1ed1i c\u1ea3nh v\u0103n h\u00f3a.<\/p>\n<\/div>\n\n\n\n<div class=\"wp-block-column is-layout-flow wp-container-core-column-is-layout-119bc444 wp-block-column-is-layout-flow\" style=\"flex-basis:60%\">\n<p class=\"has-heading-font-family has-x-large-font-size\" style=\"line-height:1.2\">V\u1edbi s\u1ef1 ch\u00fa \u00fd t\u1ec9 m\u1ec9 \u0111\u1ebfn t\u1eebng chi ti\u1ebft v\u00e0 cam k\u1ebft v\u1edbi s\u1ef1 xu\u1ea5t s\u1eafc, ch\u00fang t\u00f4i t\u1ea1o ra nh\u1eefng kh\u00f4ng gian truy\u1ec1n c\u1ea3m h\u1ee9ng, n\u00e2ng cao v\u00e0 l\u00e0m phong ph\u00fa th\u00eam cu\u1ed9c s\u1ed1ng c\u1ee7a nh\u1eefng ng\u01b0\u1eddi s\u1eed d\u1ee5ng ch\u00fang.<\/p>\n\n\n\n<div class=\"wp-block-columns is-layout-flex wp-container-core-columns-is-layout-87beb0d0 wp-block-columns-is-layout-flex\">\n<div class=\"wp-block-column is-layout-flow wp-block-column-is-layout-flow\">\n<p class=\"wp-container-content-9cfa9a5a\">Ph\u00f2ng tr\u01b0ng b\u00e0y ngh\u1ec7 thu\u1eadt \u0111\u01b0\u1ee3c h\u1ed3i sinh s\u1ebd t\u00e1i \u0111\u1ecbnh ngh\u0129a b\u1ed1i c\u1ea3nh v\u0103n h\u00f3a c\u1ee7a Toronto, \u0111\u00f3ng vai tr\u00f2 l\u00e0 m\u1ed9t trung t\u00e2m k\u1ebft n\u1ed1i gi\u1eefa bi\u1ec3u hi\u1ec7n ngh\u1ec7 thu\u1eadt, s\u1ef1 tham gia c\u1ee7a c\u1ed9ng \u0111\u1ed3ng v\u00e0 k\u1ef3 quan ki\u1ebfn tr\u00fac. D\u1ef1 \u00e1n m\u1edf r\u1ed9ng v\u00e0 c\u1ea3i t\u1ea1o b\u00e0y t\u1ecf l\u00f2ng k\u00ednh tr\u1ecdng \u0111\u1ed1i v\u1edbi l\u1ecbch s\u1eed phong ph\u00fa c\u1ee7a Ph\u00f2ng tr\u01b0ng b\u00e0y Ngh\u1ec7 thu\u1eadt \u0111\u1ed3ng th\u1eddi h\u01b0\u1edbng t\u1edbi t\u01b0\u01a1ng lai, \u0111\u1ea3m b\u1ea3o r\u1eb1ng ph\u00f2ng tr\u01b0ng b\u00e0y v\u1eabn l\u00e0 ng\u1ecdn h\u1ea3i \u0111\u0103ng c\u1ee7a ngu\u1ed3n c\u1ea3m h\u1ee9ng.<\/p>\n<\/div>\n\n\n\n<div class=\"wp-block-column is-layout-flow wp-block-column-is-layout-flow\">\n<p>Ph\u00f2ng tr\u01b0ng b\u00e0y ngh\u1ec7 thu\u1eadt \u0111\u01b0\u1ee3c h\u1ed3i sinh s\u1ebd t\u00e1i \u0111\u1ecbnh ngh\u0129a b\u1ed1i c\u1ea3nh v\u0103n h\u00f3a c\u1ee7a Toronto, \u0111\u00f3ng vai tr\u00f2 l\u00e0 m\u1ed9t trung t\u00e2m k\u1ebft n\u1ed1i gi\u1eefa bi\u1ec3u hi\u1ec7n ngh\u1ec7 thu\u1eadt, s\u1ef1 tham gia c\u1ee7a c\u1ed9ng \u0111\u1ed3ng v\u00e0 k\u1ef3 quan ki\u1ebfn tr\u00fac. D\u1ef1 \u00e1n m\u1edf r\u1ed9ng v\u00e0 c\u1ea3i t\u1ea1o b\u00e0y t\u1ecf l\u00f2ng k\u00ednh tr\u1ecdng \u0111\u1ed1i v\u1edbi l\u1ecbch s\u1eed phong ph\u00fa c\u1ee7a Ph\u00f2ng tr\u01b0ng b\u00e0y Ngh\u1ec7 thu\u1eadt \u0111\u1ed3ng th\u1eddi h\u01b0\u1edbng t\u1edbi t\u01b0\u01a1ng lai, \u0111\u1ea3m b\u1ea3o r\u1eb1ng ph\u00f2ng tr\u01b0ng b\u00e0y v\u1eabn l\u00e0 ng\u1ecdn h\u1ea3i \u0111\u0103ng c\u1ee7a ngu\u1ed3n c\u1ea3m h\u1ee9ng.<\/p>\n<\/div>\n<\/div>\n<\/div>\n<\/div>\n<\/div>\n\n\n\n<div class=\"wp-block-group alignfull has-accent-5-background-color has-background has-global-padding is-layout-constrained wp-container-core-group-is-layout-d89aad35 wp-block-group-is-layout-constrained\" style=\"margin-top:0;margin-bottom:0;padding-top:var(--wp--preset--spacing--50);padding-right:var(--wp--preset--spacing--50);padding-bottom:var(--wp--preset--spacing--50);padding-left:var(--wp--preset--spacing--50)\">\n<div class=\"wp-block-columns alignwide is-layout-flex wp-container-core-columns-is-layout-1da03c2a wp-block-columns-is-layout-flex\">\n<div class=\"wp-block-column is-vertically-aligned-center is-layout-flow wp-block-column-is-layout-flow\" style=\"flex-basis:60%\">\n<figure class=\"wp-block-image size-full is-style-rounded wp-duotone-duotone-1 is-style-rounded--2\"><img decoding=\"async\" src=\"https:\/\/testgano1.xyz\/wp-content\/themes\/twentytwentyfour\/assets\/images\/abstract-geometric-art.webp\" alt=\"T\u00e1c ph\u1ea9m ngh\u1ec7 thu\u1eadt h\u00ecnh h\u1ecdc tr\u1eebu t\u01b0\u1ee3ng m\u00e0u tr\u1eafng t\u1eeb Dresden, \u0110\u1ee9c\" style=\"aspect-ratio:4\/3;object-fit:cover\"\/><\/figure>\n<\/div>\n\n\n\n<div class=\"wp-block-column is-layout-flow wp-block-column-is-layout-flow\" style=\"flex-basis:40%\">\n<h2 class=\"wp-block-heading\">H\u01b0\u1edbng d\u1eabn doanh nghi\u1ec7p c\u1ee7a b\u1ea1n trong su\u1ed1t d\u1ef1 \u00e1n<\/h2>\n\n\n\n<p>Tr\u1ea3i nghi\u1ec7m s\u1ef1 k\u1ebft h\u1ee3p gi\u1eefa tr\u00ed t\u01b0\u1edfng t\u01b0\u1ee3ng v\u00e0 chuy\u00ean m\u00f4n v\u1edbi \u00c9tudes\u2014ch\u1ea5t x\u00fac t\u00e1c cho nh\u1eefng thay \u0111\u1ed5i ki\u1ebfn tr\u00fac l\u00e0m phong ph\u00fa th\u00eam th\u1ebf gi\u1edbi xung quanh ch\u00fang ta.<\/p>\n\n\n\n<div class=\"wp-block-buttons is-layout-flex wp-block-buttons-is-layout-flex\">\n<div class=\"wp-block-button\"><a class=\"wp-block-button__link wp-element-button\">D\u1ecbch v\u1ee5 c\u1ee7a ch\u00fang t\u00f4i<\/a><\/div>\n<\/div>\n<\/div>\n<\/div>\n<\/div>\n\n\n\n<div class=\"wp-block-group alignfull has-global-padding is-layout-constrained wp-container-core-group-is-layout-669513ed wp-block-group-is-layout-constrained\" style=\"margin-top:0;margin-bottom:0;padding-top:var(--wp--preset--spacing--50);padding-right:var(--wp--preset--spacing--50);padding-bottom:var(--wp--preset--spacing--50);padding-left:var(--wp--preset--spacing--50)\">\n<div class=\"wp-block-group is-vertical is-content-justification-center is-layout-flex wp-container-core-group-is-layout-ce155fab wp-block-group-is-layout-flex\">\n<h2 class=\"wp-block-heading has-text-align-center has-xx-large-font-size\">G\u1eb7p g\u1ee1 \u0111\u1ed9i ng\u0169 c\u1ee7a ch\u00fang t\u00f4i<\/h2>\n\n\n\n<p class=\"has-text-align-center\">\u0110\u1ed9i ng\u0169 chuy\u00ean gia to\u00e0n di\u1ec7n c\u1ee7a ch\u00fang t\u00f4i ph\u1ee5c v\u1ee5 m\u1ed9t nh\u00f3m \u0111a d\u1ea1ng, t\u1eeb c\u00e1c ki\u1ebfn tr\u00fac s\u01b0 d\u00e0y d\u1ea1n kinh nghi\u1ec7m \u0111\u1ebfn c\u00e1c k\u1ef9 s\u01b0 n\u1ed5i ti\u1ebfng.<\/p>\n<\/div>\n\n\n\n<div style=\"height:var(--wp--preset--spacing--30)\" aria-hidden=\"true\" class=\"wp-block-spacer\"><\/div>\n\n\n\n<div class=\"wp-block-columns alignwide is-layout-flex wp-container-core-columns-is-layout-4935966c wp-block-columns-is-layout-flex\" style=\"padding-right:0;padding-left:0\">\n<div class=\"wp-block-column is-layout-flow wp-block-column-is-layout-flow\">\n\n\n<div class=\"wp-block-group is-vertical is-content-justification-center is-nowrap is-layout-flex wp-container-core-group-is-layout-21d4e958 wp-block-group-is-layout-flex\">\n<p class=\"has-text-align-center has-small-font-size\">\n\t\t\t\t\t<strong>Francesca Piovani<\/strong>\n\t\t\t\t<\/p>\n\n\n\n<p class=\"has-text-align-center has-small-font-size\">Ng\u01b0\u1eddi s\u00e1ng l\u1eadp, Gi\u00e1m \u0111\u1ed1c \u0111i\u1ec1u h\u00e0nh &amp; Ki\u1ebfn tr\u00fac s\u01b0<\/p>\n<\/div>\n<\/div>\n\n\n\n<div class=\"wp-block-column is-layout-flow wp-block-column-is-layout-flow\">\n\n\n<div class=\"wp-block-group is-vertical is-content-justification-center is-nowrap is-layout-flex wp-container-core-group-is-layout-63bfd6c1 wp-block-group-is-layout-flex\">\n<p class=\"has-text-align-center has-small-font-size\">\n\t\t\t\t\t<strong>Rhye Moore<\/strong>\n\t\t\t\t<\/p>\n\n\n\n<p class=\"has-text-align-center has-small-font-size\">Qu\u1ea3n l\u00fd K\u1ef9 thu\u1eadt<\/p>\n<\/div>\n<\/div>\n\n\n\n<div class=\"wp-block-column is-layout-flow wp-block-column-is-layout-flow\">\n\n\n<div class=\"wp-block-group is-vertical is-content-justification-center is-nowrap is-layout-flex wp-container-core-group-is-layout-63bfd6c1 wp-block-group-is-layout-flex\">\n<p class=\"has-text-align-center has-small-font-size\">\n\t\t\t\t\t<strong>Helga Steiner<\/strong>\n\t\t\t\t<\/p>\n\n\n\n<p class=\"has-text-align-center has-small-font-size\">Ki\u1ebfn tr\u00fac s\u01b0<\/p>\n<\/div>\n<\/div>\n\n\n\n<div class=\"wp-block-column is-layout-flow wp-block-column-is-layout-flow\">\n\n\n<div class=\"wp-block-group is-vertical is-content-justification-center is-nowrap is-layout-flex wp-container-core-group-is-layout-21d4e958 wp-block-group-is-layout-flex\">\n<p class=\"has-text-align-center has-small-font-size\">\n\t\t\t\t\t<strong>Ivan Lawrence<\/strong>\n\t\t\t\t<\/p>\n\n\n\n<p class=\"has-text-align-center has-small-font-size\">Qu\u1ea3n l\u00fd D\u1ef1 \u00e1n<\/p>\n<\/div>\n<\/div>\n<\/div>\n<\/div>\n\n\n\n<div class=\"wp-block-group alignfull has-global-padding is-layout-constrained wp-container-core-group-is-layout-d89aad35 wp-block-group-is-layout-constrained\" style=\"margin-top:0;margin-bottom:0;padding-top:var(--wp--preset--spacing--50);padding-right:var(--wp--preset--spacing--50);padding-bottom:var(--wp--preset--spacing--50);padding-left:var(--wp--preset--spacing--50)\">\n<div class=\"wp-block-group alignwide has-base-2-background-color has-background is-layout-flow wp-block-group-is-layout-flow\" style=\"border-radius:16px;padding-top:var(--wp--preset--spacing--50);padding-right:var(--wp--preset--spacing--50);padding-bottom:var(--wp--preset--spacing--50);padding-left:var(--wp--preset--spacing--50)\">\n<p class=\"has-text-align-center\">We\u2019ve worked with some of the best companies.<\/p>\n\n\n\n<div style=\"height:var(--wp--preset--spacing--10)\" aria-hidden=\"true\" class=\"wp-block-spacer\"><\/div>\n\n\n\n<div class=\"wp-block-group alignwide is-content-justification-center is-layout-flex wp-container-core-group-is-layout-f95ffa09 wp-block-group-is-layout-flex\" style=\"padding-top:0;padding-right:0;padding-bottom:0;padding-left:0\">\n\n\n\n\n\n\n\n<\/div>\n<\/div>\n<\/div>\n\n\n\n<div class=\"wp-block-group alignfull has-base-color has-contrast-background-color has-text-color has-background has-link-color wp-elements-7b7b6796d60c0232834c2822bd5c15e1 has-global-padding is-layout-constrained wp-container-core-group-is-layout-d89aad35 wp-block-group-is-layout-constrained\" style=\"margin-top:0;margin-bottom:0;padding-top:var(--wp--preset--spacing--50);padding-right:var(--wp--preset--spacing--50);padding-bottom:var(--wp--preset--spacing--50);padding-left:var(--wp--preset--spacing--50)\">\n<h2 class=\"wp-block-heading alignwide has-base-color has-text-color has-link-color wp-elements-a9170a531a810d171ca87c411257f910\" style=\"font-size:clamp(4.509rem, 4.509rem + ((1vw - 0.2rem) * 9.152), 10rem);letter-spacing:-0.02em\">C\u00e2u h\u1ecfi th\u01b0\u1eddng g\u1eb7p<\/h2>\n\n\n\n<div class=\"wp-block-group alignwide is-layout-flow wp-block-group-is-layout-flow\">\n<hr class=\"wp-block-separator has-text-color has-base-color has-alpha-channel-opacity has-base-background-color has-background is-style-wide\" style=\"margin-top:var(--wp--preset--spacing--30);margin-bottom:var(--wp--preset--spacing--30)\"\/>\n\n\n\n<h3 class=\"wp-block-heading alignwide has-base-2-color has-text-color has-link-color wp-elements-dab7b5929655bbec4de74f73df91cd07\">Quy tr\u00ecnh l\u00e0m vi\u1ec7c c\u1ee7a b\u1ea1n trong c\u00e1c d\u1ef1 \u00e1n nh\u1ecf h\u01a1n l\u00e0 g\u00ec?<\/h3>\n\n\n\n<p class=\"has-contrast-1-color has-text-color has-link-color wp-elements-01f0febf22606129d896b9943da48612\">\u00c9tudes cung c\u1ea5p c\u00e1c gi\u1ea3i ph\u00e1p t\u01b0 v\u1ea5n, qu\u1ea3n l\u00fd, thi\u1ebft k\u1ebf v\u00e0 nghi\u00ean c\u1ee9u to\u00e0n di\u1ec7n. T\u1ea7m nh\u00ecn c\u1ee7a ch\u00fang t\u00f4i l\u00e0 \u0111i \u0111\u1ea7u trong \u0111\u1ed5i m\u1edbi ki\u1ebfn tr\u00fac, th\u00fac \u0111\u1ea9y m\u1ed9t c\u1ed9ng \u0111\u1ed3ng ki\u1ebfn tr\u00fac s\u01b0 v\u00e0 nh\u1eefng ng\u01b0\u1eddi \u0111am m\u00ea to\u00e0n c\u1ea7u, \u0111o\u00e0n k\u1ebft b\u1edfi ni\u1ec1m \u0111am m\u00ea t\u1ea1o ra kh\u00f4ng gian. M\u1ed7i n\u1ed7 l\u1ef1c ki\u1ebfn tr\u00fac l\u00e0 m\u1ed9t c\u01a1 h\u1ed9i \u0111\u1ec3 \u0111\u1ecbnh h\u00ecnh t\u01b0\u01a1ng lai.<\/p>\n\n\n\n<hr class=\"wp-block-separator has-text-color has-base-color has-alpha-channel-opacity has-base-background-color has-background is-style-wide\" style=\"margin-top:var(--wp--preset--spacing--30);margin-bottom:var(--wp--preset--spacing--30)\"\/>\n\n\n\n<h3 class=\"wp-block-heading alignwide has-base-2-color has-text-color has-link-color wp-elements-794b86963b720a64e02dd5dee8217a7c\">Ai l\u00e0 ng\u01b0\u1eddi s\u00e1ng l\u1eadp \u00c9tudes?<\/h3>\n\n\n\n<p class=\"has-contrast-1-color has-text-color has-link-color wp-elements-01f0febf22606129d896b9943da48612\">\u00c9tudes cung c\u1ea5p c\u00e1c gi\u1ea3i ph\u00e1p t\u01b0 v\u1ea5n, qu\u1ea3n l\u00fd, thi\u1ebft k\u1ebf v\u00e0 nghi\u00ean c\u1ee9u to\u00e0n di\u1ec7n. T\u1ea7m nh\u00ecn c\u1ee7a ch\u00fang t\u00f4i l\u00e0 \u0111i \u0111\u1ea7u trong \u0111\u1ed5i m\u1edbi ki\u1ebfn tr\u00fac, th\u00fac \u0111\u1ea9y m\u1ed9t c\u1ed9ng \u0111\u1ed3ng ki\u1ebfn tr\u00fac s\u01b0 v\u00e0 nh\u1eefng ng\u01b0\u1eddi \u0111am m\u00ea to\u00e0n c\u1ea7u, \u0111o\u00e0n k\u1ebft b\u1edfi ni\u1ec1m \u0111am m\u00ea t\u1ea1o ra kh\u00f4ng gian. M\u1ed7i n\u1ed7 l\u1ef1c ki\u1ebfn tr\u00fac l\u00e0 m\u1ed9t c\u01a1 h\u1ed9i \u0111\u1ec3 \u0111\u1ecbnh h\u00ecnh t\u01b0\u01a1ng lai.<\/p>\n\n\n\n<hr class=\"wp-block-separator has-text-color has-base-color has-alpha-channel-opacity has-base-background-color has-background is-style-wide\" style=\"margin-top:var(--wp--preset--spacing--30);margin-bottom:var(--wp--preset--spacing--30)\"\/>\n\n\n\n<h3 class=\"wp-block-heading alignwide has-base-2-color has-text-color has-link-color wp-elements-72deb243f4df345374bdee4384caf457\">T\u00f4i mu\u1ed1n g\u1eb7p g\u1ee1 c\u00e1c ki\u1ebfn tr\u00fac s\u01b0 \u0111\u1ed3ng nghi\u1ec7p, t\u00f4i c\u00f3 th\u1ec3 l\u00e0m \u0111i\u1ec1u \u0111\u00f3 nh\u01b0 th\u1ebf n\u00e0o?<\/h3>\n\n\n\n<p class=\"has-contrast-1-color has-text-color has-link-color wp-elements-01f0febf22606129d896b9943da48612\">\u00c9tudes cung c\u1ea5p c\u00e1c gi\u1ea3i ph\u00e1p t\u01b0 v\u1ea5n, qu\u1ea3n l\u00fd, thi\u1ebft k\u1ebf v\u00e0 nghi\u00ean c\u1ee9u to\u00e0n di\u1ec7n. T\u1ea7m nh\u00ecn c\u1ee7a ch\u00fang t\u00f4i l\u00e0 \u0111i \u0111\u1ea7u trong \u0111\u1ed5i m\u1edbi ki\u1ebfn tr\u00fac, th\u00fac \u0111\u1ea9y m\u1ed9t c\u1ed9ng \u0111\u1ed3ng ki\u1ebfn tr\u00fac s\u01b0 v\u00e0 nh\u1eefng ng\u01b0\u1eddi \u0111am m\u00ea to\u00e0n c\u1ea7u, \u0111o\u00e0n k\u1ebft b\u1edfi ni\u1ec1m \u0111am m\u00ea t\u1ea1o ra kh\u00f4ng gian. M\u1ed7i n\u1ed7 l\u1ef1c ki\u1ebfn tr\u00fac l\u00e0 m\u1ed9t c\u01a1 h\u1ed9i \u0111\u1ec3 \u0111\u1ecbnh h\u00ecnh t\u01b0\u01a1ng lai.<\/p>\n\n\n\n<hr class=\"wp-block-separator has-text-color has-base-color has-alpha-channel-opacity has-base-background-color has-background is-style-wide\" style=\"margin-top:var(--wp--preset--spacing--30);margin-bottom:var(--wp--preset--spacing--30)\"\/>\n\n\n\n<h3 class=\"wp-block-heading alignwide has-base-2-color has-text-color has-link-color wp-elements-091f57edc7c35d8ceee93109eed9bee2\">T\u00f4i c\u00f3 th\u1ec3 n\u1ed9p \u0111\u01a1n xin tr\u1edf th\u00e0nh m\u1ed9t ph\u1ea7n c\u1ee7a nh\u00f3m ho\u1eb7c l\u00e0m vi\u1ec7c nh\u01b0 m\u1ed9t nh\u00e0 th\u1ea7u kh\u00f4ng?<\/h3>\n\n\n\n<p class=\"has-contrast-1-color has-text-color has-link-color wp-elements-01f0febf22606129d896b9943da48612\">\u00c9tudes cung c\u1ea5p c\u00e1c gi\u1ea3i ph\u00e1p t\u01b0 v\u1ea5n, qu\u1ea3n l\u00fd, thi\u1ebft k\u1ebf v\u00e0 nghi\u00ean c\u1ee9u to\u00e0n di\u1ec7n. T\u1ea7m nh\u00ecn c\u1ee7a ch\u00fang t\u00f4i l\u00e0 \u0111i \u0111\u1ea7u trong \u0111\u1ed5i m\u1edbi ki\u1ebfn tr\u00fac, th\u00fac \u0111\u1ea9y m\u1ed9t c\u1ed9ng \u0111\u1ed3ng ki\u1ebfn tr\u00fac s\u01b0 v\u00e0 nh\u1eefng ng\u01b0\u1eddi \u0111am m\u00ea to\u00e0n c\u1ea7u, \u0111o\u00e0n k\u1ebft b\u1edfi ni\u1ec1m \u0111am m\u00ea t\u1ea1o ra kh\u00f4ng gian. M\u1ed7i n\u1ed7 l\u1ef1c ki\u1ebfn tr\u00fac l\u00e0 m\u1ed9t c\u01a1 h\u1ed9i \u0111\u1ec3 \u0111\u1ecbnh h\u00ecnh t\u01b0\u01a1ng lai.<\/p>\n\n\n\n<div style=\"margin-top:var(--wp--preset--spacing--10);margin-bottom:0;height:var(--wp--preset--spacing--10)\" aria-hidden=\"true\" class=\"wp-block-spacer\"><\/div>\n<\/div>\n<\/div>\n\n\n\n<div class=\"wp-block-group alignfull has-global-padding is-layout-constrained wp-container-core-group-is-layout-d89aad35 wp-block-group-is-layout-constrained\" style=\"margin-top:0;margin-bottom:0;padding-top:var(--wp--preset--spacing--50);padding-right:var(--wp--preset--spacing--50);padding-bottom:var(--wp--preset--spacing--50);padding-left:var(--wp--preset--spacing--50)\">\n<div class=\"wp-block-columns alignwide are-vertically-aligned-center is-layout-flex wp-container-core-columns-is-layout-47c06fe3 wp-block-columns-is-layout-flex\">\n<div class=\"wp-block-column is-vertically-aligned-center is-layout-flow wp-block-column-is-layout-flow\" style=\"flex-basis:50%\">\n<h2 class=\"wp-block-heading\">N\u00e2ng cao h\u00e0nh tr\u00ecnh ki\u1ebfn tr\u00fac c\u1ee7a b\u1ea1n v\u1edbi \u1ee9ng d\u1ee5ng Ki\u1ebfn tr\u00fac s\u01b0 \u00c9tudes.<\/h2>\n\n\n\n<ul style=\"line-height:1.75\" class=\"wp-block-list is-style-checkmark-list\">\n<li>C\u1ed9ng t\u00e1c v\u1edbi c\u00e1c ki\u1ebfn tr\u00fac s\u01b0 \u0111\u1ed3ng nghi\u1ec7p.<\/li>\n\n\n\n<li>Tr\u01b0ng b\u00e0y c\u00e1c d\u1ef1 \u00e1n c\u1ee7a b\u1ea1n.<\/li>\n\n\n\n<li>Tr\u1ea3i nghi\u1ec7m th\u1ebf gi\u1edbi ki\u1ebfn tr\u00fac.<\/li>\n<\/ul>\n\n\n\n<div class=\"wp-block-buttons is-layout-flex wp-block-buttons-is-layout-flex\">\n<div class=\"wp-block-button\"><a class=\"wp-block-button__link wp-element-button\">T\u1ea3i xu\u1ed1ng \u1ee9ng d\u1ee5ng<\/a><\/div>\n\n\n\n<div class=\"wp-block-button is-style-outline is-style-outline--7\"><a class=\"wp-block-button__link wp-element-button\">C\u00e1ch th\u1ee9c ho\u1ea1t \u0111\u1ed9ng<\/a><\/div>\n<\/div>\n<\/div>\n\n\n\n<div class=\"wp-block-column is-vertically-aligned-center is-layout-flow wp-block-column-is-layout-flow\" style=\"flex-basis:50%\">\n<figure class=\"wp-block-image size-full is-style-rounded is-style-rounded--8\"><img decoding=\"async\" src=\"https:\/\/testgano1.xyz\/wp-content\/themes\/twentytwentyfour\/assets\/images\/abstract-geometric-art.webp\" alt=\"T\u00e1c ph\u1ea9m ngh\u1ec7 thu\u1eadt h\u00ecnh h\u1ecdc tr\u1eebu t\u01b0\u1ee3ng m\u00e0u tr\u1eafng t\u1eeb Dresden, \u0110\u1ee9c\" style=\"aspect-ratio:4\/3;object-fit:cover\"\/><\/figure>\n<\/div>\n<\/div>\n<\/div>\n","protected":false},"excerpt":{"rendered":"<p>\u00c9tudes cung c\u1ea5p c\u00e1c gi\u1ea3i ph\u00e1p t\u01b0 v\u1ea5n, qu\u1ea3n l\u00fd, thi\u1ebft k\u1ebf v\u00e0 nghi\u00ean c\u1ee9u to\u00e0n di\u1ec7n. M\u1ed7i n\u1ed7 l\u1ef1c ki\u1ebfn tr\u00fac l\u00e0 m\u1ed9t c\u01a1 h\u1ed9i \u0111\u1ec3 \u0111\u1ecbnh h\u00ecnh t\u01b0\u01a1ng lai. \u0110\u1ec3 l\u1ea1i d\u1ea5u \u1ea5n kh\u00f4ng th\u1ec3 phai m\u1edd tr\u00ean b\u1ed1i c\u1ea3nh c\u1ee7a ng\u00e0y mai. Ph\u00f2ng tr\u01b0ng b\u00e0y ngh\u1ec7 thu\u1eadt \u0111\u01b0\u1ee3c h\u1ed3i sinh s\u1ebd t\u00e1i [&hellip;]<\/p>\n","protected":false},"author":1,"featured_media":0,"parent":0,"menu_order":0,"comment_status":"closed","ping_status":"closed","template":"","meta":{"footnotes":""},"class_list":["post-17","page","type-page","status-publish","hentry"],"_links":{"self":[{"href":"https:\/\/testgano1.xyz\/index.php?rest_route=\/wp\/v2\/pages\/17","targetHints":{"allow":["GET"]}}],"collection":[{"href":"https:\/\/testgano1.xyz\/index.php?rest_route=\/wp\/v2\/pages"}],"about":[{"href":"https:\/\/testgano1.xyz\/index.php?rest_route=\/wp\/v2\/types\/page"}],"author":[{"embeddable":true,"href":"https:\/\/testgano1.xyz\/index.php?rest_route=\/wp\/v2\/users\/1"}],"replies":[{"embeddable":true,"href":"https:\/\/testgano1.xyz\/index.php?rest_route=%2Fwp%2Fv2%2Fcomments&post=17"}],"version-history":[{"count":1,"href":"https:\/\/testgano1.xyz\/index.php?rest_route=\/wp\/v2\/pages\/17\/revisions"}],"predecessor-version":[{"id":18,"href":"https:\/\/testgano1.xyz\/index.php?rest_route=\/wp\/v2\/pages\/17\/revisions\/18"}],"wp:attachment":[{"href":"https:\/\/testgano1.xyz\/index.php?rest_route=%2Fwp%2Fv2%2Fmedia&parent=17"}],"curies":[{"name":"wp","href":"https:\/\/api.w.org\/{rel}","templated":true}]}}