{"id":28,"date":"2025-08-19T14:56:19","date_gmt":"2025-08-19T14:56:19","guid":{"rendered":"https:\/\/testgano1.xyz\/?page_id=28"},"modified":"2025-08-19T14:56:19","modified_gmt":"2025-08-19T14:56:19","slug":"chinh-sach-bao-mat","status":"publish","type":"page","link":"https:\/\/testgano1.xyz\/?page_id=28","title":{"rendered":"CH\u00cdNH S\u00c1CH B\u1ea2O M\u1eacT"},"content":{"rendered":"\n<div class=\"wp-block-group alignfull has-global-padding is-layout-constrained wp-container-core-group-is-layout-490fa1db wp-block-group-is-layout-constrained\" style=\"padding-top:var(--wp--preset--spacing--50);padding-right:var(--wp--preset--spacing--50);padding-bottom:var(--wp--preset--spacing--50);padding-left:var(--wp--preset--spacing--50)\">\n<div class=\"wp-block-group has-global-padding is-layout-constrained wp-container-core-group-is-layout-650790e1 wp-block-group-is-layout-constrained\">\n<h1 class=\"wp-block-heading has-text-align-center has-x-large-font-size\">CAM K\u1ebeT B\u1ea2O V\u1ec6 KH\u00c1CH H\u00c0NG<\/h1>\n\n\n\n<div style=\"height:1.25rem\" aria-hidden=\"true\" class=\"wp-block-spacer\"><\/div>\n\n\n\n<p class=\"has-text-align-center\"><\/p>\n\n\n\n<h5 class=\"wp-block-heading\">CH\u00cdNH S\u00c1CH B\u1ea2O M\u1eacT<\/h5>\n\n\n\n<p><a href=\"\"><\/a><\/p>\n\n\n\n<h5 class=\"wp-block-heading\"><\/h5>\n\n\n\n<p class=\"has-text-align-center\">TESTGANO1.XYZ cam k\u1ebft b\u1ea3o v\u1ec7 quy\u1ec1n ri\u00eang t\u01b0 c\u1ee7a kh\u00e1ch truy c\u1eadp. Ch\u00ednh s\u00e1ch n\u00e0y gi\u1ea3i th\u00edch c\u00e1ch ch\u00fang t\u00f4i thu th\u1eadp, s\u1eed d\u1ee5ng v\u00e0 b\u1ea3o v\u1ec7 th\u00f4ng tin c\u00e1 nh\u00e2n. Th\u00f4ng tin ch\u00fang t\u00f4i thu th\u1eadp <\/p>\n\n\n\n<p class=\"has-text-align-center\">\u2022 Th\u00f4ng tin b\u1ea1n cung c\u1ea5p tr\u1ef1c ti\u1ebfp (h\u1ecd t\u00ean, email, s\u1ed1 \u0111i\u1ec7n tho\u1ea1i\u2026). <\/p>\n\n\n\n<p class=\"has-text-align-center\">\u2022 Th\u00f4ng tin t\u1ef1 \u0111\u1ed9ng thu th\u1eadp khi b\u1ea1n truy c\u1eadp website (\u0111\u1ecba ch\u1ec9 IP, lo\u1ea1i tr\u00ecnh duy\u1ec7t, cookies\u2026). M\u1ee5c \u0111\u00edch s\u1eed d\u1ee5ng th\u00f4ng tin <\/p>\n\n\n\n<p class=\"has-text-align-center\">\u2022 C\u1ea3i thi\u1ec7n tr\u1ea3i nghi\u1ec7m ng\u01b0\u1eddi d\u00f9ng. <\/p>\n\n\n\n<p class=\"has-text-align-center\">\u2022 Cung c\u1ea5p d\u1ecbch v\u1ee5, ph\u1ea3n h\u1ed3i y\u00eau c\u1ea7u h\u1ed7 tr\u1ee3. <\/p>\n\n\n\n<p class=\"has-text-align-center\">\u2022 Ph\u00e2n t\u00edch d\u1eef li\u1ec7u \u0111\u1ec3 n\u00e2ng cao ch\u1ea5t l\u01b0\u1ee3ng n\u1ed9i dung. Chia s\u1ebb th\u00f4ng tin Ch\u00fang t\u00f4i kh\u00f4ng b\u00e1n, cho thu\u00ea ho\u1eb7c chia s\u1ebb th\u00f4ng tin c\u00e1 nh\u00e2n c\u1ee7a b\u1ea1n v\u1edbi b\u00ean th\u1ee9 ba, tr\u1eeb khi c\u00f3 y\u00eau c\u1ea7u t\u1eeb c\u01a1 quan ph\u00e1p lu\u1eadt. B\u1ea3o m\u1eadt th\u00f4ng tin Ch\u00fang t\u00f4i \u00e1p d\u1ee5ng c\u00e1c bi\u1ec7n ph\u00e1p k\u1ef9 thu\u1eadt \u0111\u1ec3 b\u1ea3o v\u1ec7 th\u00f4ng tin c\u1ee7a b\u1ea1n kh\u1ecfi truy c\u1eadp tr\u00e1i ph\u00e9p. Cookies Website c\u00f3 th\u1ec3 s\u1eed d\u1ee5ng cookies \u0111\u1ec3 ph\u00e2n t\u00edch l\u01b0u l\u01b0\u1ee3ng truy c\u1eadp v\u00e0 t\u1ed1i \u01b0u qu\u1ea3ng c\u00e1o. B\u1ea1n c\u00f3 th\u1ec3 t\u1eaft cookies trong c\u00e0i \u0111\u1eb7t tr\u00ecnh duy\u1ec7t. <\/p>\n\n\n\n<p class=\"has-text-align-center\">Li\u00ean h\u1ec7 N\u1ebfu c\u00f3 th\u1eafc m\u1eafc v\u1ec1 ch\u00ednh s\u00e1ch b\u1ea3o m\u1eadt, vui l\u00f2ng li\u00ean h\u1ec7: <\/p>\n\n\n\n<p class=\"has-text-align-center\"><img decoding=\"async\" height=\"16\" width=\"16\" src=\"https:\/\/static.xx.fbcdn.net\/images\/emoji.php\/v9\/t5d\/2\/16\/1f4e7.png\" alt=\"\ud83d\udce7\"> duy0le10@gmail.com<\/p>\n\n\n\n<p class=\"has-text-align-center\"><img decoding=\"async\" height=\"16\" width=\"16\" src=\"https:\/\/static.xx.fbcdn.net\/images\/emoji.php\/v9\/tec\/2\/16\/1f4de.png\" alt=\"\ud83d\udcde\"> 09877.14.777<\/p>\n\n\n\n<div style=\"height:1.25rem\" aria-hidden=\"true\" class=\"wp-block-spacer\"><\/div>\n<\/div>\n\n\n\n<div style=\"height:var(--wp--preset--spacing--30)\" aria-hidden=\"true\" class=\"wp-block-spacer\"><\/div>\n<\/div>\n","protected":false},"excerpt":{"rendered":"<p>CAM K\u1ebeT B\u1ea2O V\u1ec6 KH\u00c1CH H\u00c0NG CH\u00cdNH S\u00c1CH B\u1ea2O M\u1eacT TESTGANO1.XYZ cam k\u1ebft b\u1ea3o v\u1ec7 quy\u1ec1n ri\u00eang t\u01b0 c\u1ee7a kh\u00e1ch truy c\u1eadp. Ch\u00ednh s\u00e1ch n\u00e0y gi\u1ea3i th\u00edch c\u00e1ch ch\u00fang t\u00f4i thu th\u1eadp, s\u1eed d\u1ee5ng v\u00e0 b\u1ea3o v\u1ec7 th\u00f4ng tin c\u00e1 nh\u00e2n. Th\u00f4ng tin ch\u00fang t\u00f4i thu th\u1eadp \u2022 Th\u00f4ng tin b\u1ea1n cung c\u1ea5p tr\u1ef1c ti\u1ebfp [&hellip;]<\/p>\n","protected":false},"author":1,"featured_media":0,"parent":0,"menu_order":0,"comment_status":"closed","ping_status":"closed","template":"","meta":{"footnotes":""},"class_list":["post-28","page","type-page","status-publish","hentry"],"_links":{"self":[{"href":"https:\/\/testgano1.xyz\/index.php?rest_route=\/wp\/v2\/pages\/28","targetHints":{"allow":["GET"]}}],"collection":[{"href":"https:\/\/testgano1.xyz\/index.php?rest_route=\/wp\/v2\/pages"}],"about":[{"href":"https:\/\/testgano1.xyz\/index.php?rest_route=\/wp\/v2\/types\/page"}],"author":[{"embeddable":true,"href":"https:\/\/testgano1.xyz\/index.php?rest_route=\/wp\/v2\/users\/1"}],"replies":[{"embeddable":true,"href":"https:\/\/testgano1.xyz\/index.php?rest_route=%2Fwp%2Fv2%2Fcomments&post=28"}],"version-history":[{"count":1,"href":"https:\/\/testgano1.xyz\/index.php?rest_route=\/wp\/v2\/pages\/28\/revisions"}],"predecessor-version":[{"id":29,"href":"https:\/\/testgano1.xyz\/index.php?rest_route=\/wp\/v2\/pages\/28\/revisions\/29"}],"wp:attachment":[{"href":"https:\/\/testgano1.xyz\/index.php?rest_route=%2Fwp%2Fv2%2Fmedia&parent=28"}],"curies":[{"name":"wp","href":"https:\/\/api.w.org\/{rel}","templated":true}]}}